{"id":8,"date":"2016-02-10T19:47:11","date_gmt":"2016-02-10T19:47:11","guid":{"rendered":"http:\/\/asianitbd.com\/wp\/gardencare\/?page_id=8"},"modified":"2021-11-12T08:58:36","modified_gmt":"2021-11-12T08:58:36","slug":"home","status":"publish","type":"page","link":"https:\/\/komloskft.hu\/","title":{"rendered":"Home"},"content":{"rendered":"<p>[vc_row el_class=&#8221;gardener-banner rev_slider_wrapper&#8221;][vc_column][vc_column_text]<\/p>\n<p>[\/vc_column_text][\/vc_column][\/vc_row]<\/p>\n\n\n<p>[vc_row][vc_column]<section id=\"landscaping-design-gardener\">\r\n    <div class=\"container\">\r\n        <div class=\"row\">\r\n            <div class=\"col-lg-3 col-md-4 col-sm-12 col-xs-12\">\r\n                <div class=\"img-border\">\r\n                    <img src=\"https:\/\/komloskft.hu\/wp-content\/uploads\/2018\/05\/v\u00e1ros\u00fczemeltet\u00e9s2.jpg\" alt=\"Image\">\r\n                <\/div>\r\n            <\/div>\r\n            <div class=\"col-lg-5 col-md-8 col-sm-12 col-xs-12\">\r\n                <h2><b>V\u00e1ros\u00fczemeltet\u00e9s<\/b> \u00e1ltal v\u00e9gzett v\u00e1llalkoz\u00e1si tev\u00e9kenys\u00e9gekr\u0151l:<\/h2>\r\n                <p><b>KERETSZERZ\u0150D\u00c9SEINK:<\/b><br \/>\n\u00c1llagmeg\u0151rz\u00e9si keretszerz\u0151d\u00e9sek:<br \/>\nEls\u0151sorban lakatlan, vagy id\u0151sek \u00e1ltal lakott ingatlanok karbantart\u00e1s\u00e1ra aj\u00e1nljuk.<br \/>\nA lak\u00f3ingatlan id\u0151r\u0151l-id\u0151re \u00e1tvizsg\u00e1ljuk \u00e9s a keretszerz\u0151d\u00e9sben meghat\u00e1rozott jav\u00edt\u00e1sokat elv\u00e9gezz\u00fck.<br \/>\nPl.: cser\u00e9pp\u00f3tl\u00e1s, ereszcsatorna tiszt\u00edt\u00e1s, vakolatjav\u00edt\u00e1s, \u00fcvegez\u00e9s, ker\u00edt\u00e9s vagy kapu jav\u00edt\u00e1s.<\/p>\n<p>\u00c9p\u00fcletszerkezeti- illetve g\u00e9p\u00e9szeti k\u00e1rok megel\u0151z\u00e9se!<br \/>\npl.: fagyk\u00e1r, v\u00edzk\u00e1r.<br \/>\nA keretszerz\u0151d\u00e9s tartama a megrendel\u0151 ig\u00e9nye szerint m\u00f3dos\u00edthat\u00f3.<\/p>\r\n                <ul>\r\n                \t\t\t\t\t\t\t                            <li><i class=\"fa fa-angle-right\"><\/i> G\u00e9pi \u00e9s k\u00e9zi f\u00f6ldmunka<br \/><\/li>\r\n                                                    <li><i class=\"fa fa-angle-right\"><\/i> Fakiv\u00e1g\u00e1s, gallyaz\u00e1s<br \/><\/li>\r\n                                                    <li><i class=\"fa fa-angle-right\"><\/i> F\u0171r\u00e9szel\u00e9s, Gyalul\u00e1s<\/li>\r\n                                        <\/ul>\r\n                <ul>\r\n                \t\t\t\t\t\t\t                            <li><i class=\"fa fa-angle-right\"><\/i> Sz\u00e9ldeszka \u00e9s oromdeszk\u00e1zat jav\u00edt\u00e1sa, cser\u00e9je \u00e9s fest\u00e9se<br \/><\/li>\r\n                                                    <li><i class=\"fa fa-angle-right\"><\/i> T\u00f6rmel\u00e9ksz\u00e1ll\u00edt\u00e1s g\u00e9pi \u00e9s k\u00e9zi rakod\u00e1ssal ig\u00e9ny szerint<\/li>\r\n                                        <\/ul>\r\n            <\/div>\r\n            <div class=\"col-lg-4 col-md-9 col-sm-12 col-xs-12 col-lg-offset-0 col-md-offset-3 col-sm-offset-0 col-xs-offset-0 lawn-maintenance\">\r\n                <h3>Z\u00f6ldter\u00fclet karbantart\u00e1s, f\u0171ny\u00edr\u00e1s, leng\u0151kasz\u00e1l\u00e1s, nyesed\u00e9ksz\u00e1ll\u00edt\u00e1s<\/h3>\r\n                <p>V\u00e1rjuk megrendel\u00e9seiket!<\/p>\r\n                <img src=\"https:\/\/komloskft.hu\/wp-content\/uploads\/2016\/02\/lawn-maintain.png\" alt=\"Image\">\r\n            <\/div>\r\n        <\/div>\r\n    <\/div>\r\n<\/section>\r\n\r\n[\/vc_column][\/vc_row]<\/p>\n\n\n<p>[vc_row content_placement=&#8221;top&#8221; container=&#8221;1&#8243; css=&#8221;.vc_custom_1529398290065{background-color: #90c914 !important;}&#8221;][vc_column][vc_column_text css=&#8221;.vc_custom_1529398306431{background-color: #90c914 !important;}&#8221;]<\/p>\n<h2 style=\"text-align: center;\"><span style=\"color: #ffffff;\">B\u00e9reljen a Koml\u00f3s Kft.-t\u0151l!<\/span><\/h2>\n<p>[\/vc_column_text][\/vc_column][\/vc_row]<\/p>\n\n\n\n<p>[vc_row][vc_column width=&#8221;1\/2&#8243;][vc_single_image image=&#8221;575&#8243; img_size=&#8221;400&#215;300&#8243; alignment=&#8221;center&#8221;][\/vc_column][vc_column width=&#8221;1\/2&#8243;][vc_single_image image=&#8221;576&#8243; img_size=&#8221;400&#215;300&#8243; alignment=&#8221;center&#8221;][\/vc_column][\/vc_row][vc_row][vc_column]   \r\n   \r\n<section id=\"our-services-gardener\">\r\n    <div class=\"container\">\r\n        <div class=\"section-title2\">\r\n            <p>Tekintse meg<\/p>\r\n            <h1><span>Szolg\u00e1ltat\u00e1sainkat<\/span><\/h1>\r\n        <\/div>\r\n        <div class=\"row\">\r\n            <!--Start single service icon-->\r\n            \r\n                        <div class=\"col-lg-4 col-md-4 col-sm-6 col-xs-12\">\r\n                <div class=\"single-service-item\">\r\n                    <div class=\"service-left-bg\"><\/div>\r\n                    <div class=\"service-icon\">\r\n                        <i class=\"fa fa-leaf\"><\/i>\r\n                    <\/div>\r\n                    <div class=\"service-text\">\r\n                        <h4>Kert\u00e9szeti szolg\u00e1ltat\u00e1sok:<\/h4>\r\n                        <p>f\u0171ny\u00edr\u00e1s, fakiv\u00e1g\u00e1s, metsz\u00e9s, s\u00f6v\u00e9ny\u00e1pol\u00e1s, rot\u00e1l\u00e1s<\/p>\r\n                    <\/div>\r\n                <\/div>\r\n            <\/div>\r\n                        <div class=\"col-lg-4 col-md-4 col-sm-6 col-xs-12\">\r\n                <div class=\"single-service-item\">\r\n                    <div class=\"service-left-bg\"><\/div>\r\n                    <div class=\"service-icon\">\r\n                        <i class=\"fa fa-home\"><\/i>\r\n                    <\/div>\r\n                    <div class=\"service-text\">\r\n                        <h4>\u00c9p\u00edt\u0151ipari szolg\u00e1ltat\u00e1sok:<\/h4>\r\n                        <p>k\u0151m\u0171ves munk\u00e1k, fest\u00e9s, m\u00e1zol\u00e1s<\/p>\r\n                    <\/div>\r\n                <\/div>\r\n            <\/div>\r\n                        <div class=\"col-lg-4 col-md-4 col-sm-6 col-xs-12\">\r\n                <div class=\"single-service-item\">\r\n                    <div class=\"service-left-bg\"><\/div>\r\n                    <div class=\"service-icon\">\r\n                        <i class=\"fa fa-calendar\"><\/i>\r\n                    <\/div>\r\n                    <div class=\"service-text\">\r\n                        <h4>\u00c1llagmeg\u0151rz\u00e9si keretszerz\u0151d\u00e9sek:<\/h4>\r\n                        <p>Els\u0151sorban lakatlan, vagy id\u0151sek \u00e1ltal lakott ingatlanok karbantart\u00e1s\u00e1ra aj\u00e1nljuk.<\/p>\r\n                    <\/div>\r\n                <\/div>\r\n            <\/div>\r\n                        <div class=\"col-lg-4 col-md-4 col-sm-6 col-xs-12\">\r\n                <div class=\"single-service-item\">\r\n                    <div class=\"service-left-bg\"><\/div>\r\n                    <div class=\"service-icon\">\r\n                        <i class=\"icon flaticon-fences4\"><\/i>\r\n                    <\/div>\r\n                    <div class=\"service-text\">\r\n                        <h4>Faipari szolg\u00e1ltat\u00e1sok<\/h4>\r\n                        <p>f\u0171r\u00e9szel\u00e9s, gyalul\u00e1s<\/p>\r\n                    <\/div>\r\n                <\/div>\r\n            <\/div>\r\n                        <div class=\"col-lg-4 col-md-4 col-sm-6 col-xs-12\">\r\n                <div class=\"single-service-item\">\r\n                    <div class=\"service-left-bg\"><\/div>\r\n                    <div class=\"service-icon\">\r\n                        <i class=\"fa fa-briefcase\"><\/i>\r\n                    <\/div>\r\n                    <div class=\"service-text\">\r\n                        <h4>Lakatos szolg\u00e1ltat\u00e1sok<\/h4>\r\n                        <p>f\u00e9mipari hegeszt\u00e9s, v\u00e1g\u00e1s, csiszol\u00e1s, cs\u0151szerel\u00e9s<\/p>\r\n                    <\/div>\r\n                <\/div>\r\n            <\/div>\r\n                        <div class=\"col-lg-4 col-md-4 col-sm-6 col-xs-12\">\r\n                <div class=\"single-service-item\">\r\n                    <div class=\"service-left-bg\"><\/div>\r\n                    <div class=\"service-icon\">\r\n                        <i class=\"icon flaticon-tool680\"><\/i>\r\n                    <\/div>\r\n                    <div class=\"service-text\">\r\n                        <h4>\u00c9p\u00fcletszerkezeti- illetve g\u00e9p\u00e9szeti k\u00e1rok megel\u0151z\u00e9se<\/h4>\r\n                        <p>fagyk\u00e1r, v\u00edzk\u00e1r eset\u00e9n keretszerz\u0151d\u00e9ssel.<\/p>\r\n                    <\/div>\r\n                <\/div>\r\n            <\/div>\r\n                        <!--End single service icon-->\r\n            \r\n        <\/div>\r\n    <\/div>\r\n<\/section>\r\n[\/vc_column][\/vc_row]<\/p>\n","protected":false},"excerpt":{"rendered":"<p>[vc_row][vc_column width=&#8221;1\/2&#8243;][vc_single_image image=&#8221;575&#8243; img_size=&#8221;400&#215;300&#8243; alignment=&#8221;center&#8221;][\/vc_column][vc_column width=&#8221;1\/2&#8243;][vc_single_image image=&#8221;576&#8243; img_size=&#8221;400&#215;300&#8243; alignment=&#8221;center&#8221;][\/vc_column][\/vc_row][vc_row][vc_column][\/vc_column][\/vc_row]<\/p>\n","protected":false},"author":1,"featured_media":0,"parent":0,"menu_order":0,"comment_status":"closed","ping_status":"closed","template":"tpl-visual_composer.php","meta":[],"_links":{"self":[{"href":"https:\/\/komloskft.hu\/index.php?rest_route=\/wp\/v2\/pages\/8"}],"collection":[{"href":"https:\/\/komloskft.hu\/index.php?rest_route=\/wp\/v2\/pages"}],"about":[{"href":"https:\/\/komloskft.hu\/index.php?rest_route=\/wp\/v2\/types\/page"}],"author":[{"embeddable":true,"href":"https:\/\/komloskft.hu\/index.php?rest_route=\/wp\/v2\/users\/1"}],"replies":[{"embeddable":true,"href":"https:\/\/komloskft.hu\/index.php?rest_route=%2Fwp%2Fv2%2Fcomments&post=8"}],"version-history":[{"count":41,"href":"https:\/\/komloskft.hu\/index.php?rest_route=\/wp\/v2\/pages\/8\/revisions"}],"predecessor-version":[{"id":893,"href":"https:\/\/komloskft.hu\/index.php?rest_route=\/wp\/v2\/pages\/8\/revisions\/893"}],"wp:attachment":[{"href":"https:\/\/komloskft.hu\/index.php?rest_route=%2Fwp%2Fv2%2Fmedia&parent=8"}],"curies":[{"name":"wp","href":"https:\/\/api.w.org\/{rel}","templated":true}]}}