{"id":651,"date":"2020-07-14T09:46:07","date_gmt":"2020-07-14T09:46:07","guid":{"rendered":"http:\/\/komloskft.hu\/?page_id=651"},"modified":"2022-03-30T07:41:21","modified_gmt":"2022-03-30T07:41:21","slug":"hirek","status":"publish","type":"page","link":"https:\/\/komloskft.hu\/?page_id=651","title":{"rendered":"H\u00edrek"},"content":{"rendered":"\n<h2 class=\"has-text-align-center\"><strong>Tisztelt T\u00f3tkoml\u00f3siak!<\/strong><\/h2>\n\n\n\n<div class=\"wp-block-image\"><figure class=\"aligncenter size-large\"><img loading=\"lazy\" width=\"750\" height=\"539\" src=\"http:\/\/komloskft.hu\/wp-content\/uploads\/2021\/02\/hulladekszallitas.jpg\" alt=\"\" class=\"wp-image-709\" srcset=\"https:\/\/komloskft.hu\/wp-content\/uploads\/2021\/02\/hulladekszallitas.jpg 750w, https:\/\/komloskft.hu\/wp-content\/uploads\/2021\/02\/hulladekszallitas-600x431.jpg 600w, https:\/\/komloskft.hu\/wp-content\/uploads\/2021\/02\/hulladekszallitas-300x216.jpg 300w\" sizes=\"(max-width: 750px) 100vw, 750px\" \/><\/figure><\/div>\n\n\n\n<h4 class=\"has-black-color has-text-color has-background\" style=\"background-color:#039d00\"><strong>A Kommun\u00e1lis-, szelekt\u00edv (s\u00e1rga kuka)-, z\u00f6ld- \u00e9s lomhullad\u00e9k sz\u00e1ll\u00edt\u00e1sok 2022. \u00e9v m\u00e1sodik negyed\u00e9vi pontos id\u0151pontjai\u00e9rt kattintson az al\u00e1bb linkre:<\/strong><\/h4>\n\n\n\n<p><a href=\"https:\/\/www.dareh.hu\/_bazis\/wp-content\/uploads\/_naptar22\/Q2\/Totkomlos_2022_Q2.pdf\">https:\/\/www.dareh.hu\/_bazis\/wp-content\/uploads\/_naptar22\/Q2\/Totkomlos_2022_Q2.pdf<\/a><\/p>\n","protected":false},"excerpt":{"rendered":"<p>Tisztelt T\u00f3tkoml\u00f3siak! A Kommun\u00e1lis-, szelekt\u00edv (s\u00e1rga kuka)-, z\u00f6ld- \u00e9s lomhullad\u00e9k sz\u00e1ll\u00edt\u00e1sok 2022. \u00e9v m\u00e1sodik negyed\u00e9vi pontos id\u0151pontjai\u00e9rt kattintson az al\u00e1bb linkre: https:\/\/www.dareh.hu\/_bazis\/wp-content\/uploads\/_naptar22\/Q2\/Totkomlos_2022_Q2.pdf<\/p>\n","protected":false},"author":4,"featured_media":0,"parent":0,"menu_order":0,"comment_status":"closed","ping_status":"closed","template":"","meta":[],"_links":{"self":[{"href":"https:\/\/komloskft.hu\/index.php?rest_route=\/wp\/v2\/pages\/651"}],"collection":[{"href":"https:\/\/komloskft.hu\/index.php?rest_route=\/wp\/v2\/pages"}],"about":[{"href":"https:\/\/komloskft.hu\/index.php?rest_route=\/wp\/v2\/types\/page"}],"author":[{"embeddable":true,"href":"https:\/\/komloskft.hu\/index.php?rest_route=\/wp\/v2\/users\/4"}],"replies":[{"embeddable":true,"href":"https:\/\/komloskft.hu\/index.php?rest_route=%2Fwp%2Fv2%2Fcomments&post=651"}],"version-history":[{"count":33,"href":"https:\/\/komloskft.hu\/index.php?rest_route=\/wp\/v2\/pages\/651\/revisions"}],"predecessor-version":[{"id":961,"href":"https:\/\/komloskft.hu\/index.php?rest_route=\/wp\/v2\/pages\/651\/revisions\/961"}],"wp:attachment":[{"href":"https:\/\/komloskft.hu\/index.php?rest_route=%2Fwp%2Fv2%2Fmedia&parent=651"}],"curies":[{"name":"wp","href":"https:\/\/api.w.org\/{rel}","templated":true}]}}