{"id":28,"date":"2016-02-10T19:52:42","date_gmt":"2016-02-10T19:52:42","guid":{"rendered":"http:\/\/asianitbd.com\/wp\/gardencare\/?page_id=28"},"modified":"2022-09-23T08:04:21","modified_gmt":"2022-09-23T08:04:21","slug":"contact-us","status":"publish","type":"page","link":"https:\/\/komloskft.hu\/?page_id=28","title":{"rendered":"contact us"},"content":{"rendered":"<p>[vc_row][vc_column]  \r\n<!-- #contact-content -->\r\n<section id=\"contact-content\">\r\n    <div class=\"container\">\r\n        <div class=\"section-title2\">\r\n            <p>El\u00e9rhet\u0151s\u00e9g<\/p>\r\n            <h1><span>L\u00e9pjen kapcsolatba vel\u00fcnk<\/span><\/h1>\r\n            <p class=\"title-text\">K\u00fcldj\u00f6n nek\u00fcnk \u00fczenetet!<\/p>\r\n        <\/div>\r\n        <div class=\"row\">\r\n            <div class=\"contact-address-info\">\r\n                <div class=\"col-lg-4 col-md-4 col-sm-12 col-xs-12\">\r\n                    <div class=\"contact-address-single-info\">\r\n                        <div class=\"contact-address-bg\"><\/div>\r\n                        <div class=\"contact-addresss-icon\">\r\n                            <i class=\"fa fa-map-marker\"><\/i>\r\n                        <\/div>\r\n                        <div class=\"contact-address-text\">\r\n                            <p>T\u00f3tkoml\u00f3s, 5940 R\u00e1k\u00f3czi u. 28.<br \/>\n<\/p>\r\n                        <\/div>\r\n                    <\/div>\r\n                <\/div>\r\n                <div class=\"col-lg-4 col-md-4 col-sm-12 col-xs-12\">\r\n                    <div class=\"contact-address-single-info\">\r\n                        <div class=\"contact-address-bg\"><\/div>\r\n                        <div class=\"contact-addresss-icon\">\r\n                            <i class=\"fa fa-envelope-o envelop-icon\"><\/i>\r\n                        <\/div>\r\n                        <div class=\"contact-address-text special-info\">\r\n                            <p>varosuzemeltetes@mail.totkomlos.hu<br\/> varosuzemeltetes@mail.totkomlos.hu<\/p>\r\n                        <\/div>\r\n                    <\/div>\r\n                <\/div>\r\n                <div class=\"col-lg-4 col-md-4 col-sm-12 col-xs-12\">\r\n                    <div class=\"contact-address-single-info\">\r\n                        <div class=\"contact-address-bg\"><\/div>\r\n                        <div class=\"contact-addresss-icon\">\r\n                            <i class=\"fa fa-phone phoneicon phone-icon\"><\/i>\r\n                        <\/div>\r\n                        <div class=\"contact-address-text special-info\">\r\n                            <p>+36 68\/462-226 <br\/>+36 68\/462-226<\/p>\r\n                        <\/div>\r\n                    <\/div>\r\n                <\/div>\r\n            <\/div>\r\n        <\/div>\r\n        <div class=\"row\">\r\n            <div class=\"col-lg-8 col-md-8 col-sm-12 col-xs-12 \">\r\n            \t            <\/div>\r\n            <div class=\"col-lg-4 col-md-4 col-sm-12 col-xs-12\">\r\n                <div class=\"working-hour-content\">\r\n                    <div class=\"section-title2\">\r\n                        <h1><span>Nyitvatart\u00e1s<\/span><\/h1>\r\n                        <\/p>\n<ul>\n<li>H\u00e9tf\u0151: 8:00 &#8211; 16:00<\/li>\n<li>Kedd: 8:00 &#8211; 16:00<\/li>\n<li>Szerda: 8:00 &#8211; 16:00<\/li>\n<li>Cs\u00fct\u00f6rt\u00f6k: 8:00 &#8211; 16:00<\/li>\n<li>P\u00e9ntek: 8:00 &#8211; 16:00<\/li>\n<li>Szombat : Z\u00e1rva<\/li>\n<li>Vas\u00e1rnap: Z\u00e1rva<\/li>\n<\/ul>\n<p>                    <\/div>\r\n                <\/div>\r\n            <\/div>\r\n        <\/div>\r\n        \r\n    <\/div>\r\n<\/section> <!-- \/#contact-content -->\r\n\r\n[\/vc_column][\/vc_row][vc_row][vc_column]<section id=\"great-gardener-team\" style=\"background-image:url('https:\/\/komloskft.hu\/wp-content\/uploads\/2016\/02\/great-gardener-team-bg.jpg')\">\r\n    <div class=\"container\">\r\n        <div class=\"row\">\r\n            <div class=\"col-md-8 pull-right has-skew\">\r\n                <h2>Koml\u00f3s Telep\u00fcl\u00e9sszolg\u00e1ltat\u00e1si Kft.<\/h2>\r\n                <p>H\u00edvjon vagy \u00edrjon nek\u00fcnk b\u00e1tran!<\/p>\r\n                <p class=\"has-btn\"><b>+36 68 462 226<\/b><span>or<\/span>\r\n                <\/p>\r\n                <a class=\"contact-button\" href=\"mailto:varosuzemeltetes@mail.totkomlos.hu\">\r\n                    <div class=\"contact-us-button\">Irjon nek\u00fcnk!<\/div>\r\n                    <i class=\"fa fa-arrow-circle-right\"><\/i>\r\n                <\/a>\r\n            <\/div>\r\n        <\/div>\r\n    <\/div>\r\n<\/section>\r\n\r\n[\/vc_column][\/vc_row]<\/p>\n","protected":false},"excerpt":{"rendered":"<p>[vc_row][vc_column][\/vc_column][\/vc_row][vc_row][vc_column][\/vc_column][\/vc_row]<\/p>\n","protected":false},"author":1,"featured_media":0,"parent":0,"menu_order":0,"comment_status":"closed","ping_status":"closed","template":"tpl-visual_composer.php","meta":[],"_links":{"self":[{"href":"https:\/\/komloskft.hu\/index.php?rest_route=\/wp\/v2\/pages\/28"}],"collection":[{"href":"https:\/\/komloskft.hu\/index.php?rest_route=\/wp\/v2\/pages"}],"about":[{"href":"https:\/\/komloskft.hu\/index.php?rest_route=\/wp\/v2\/types\/page"}],"author":[{"embeddable":true,"href":"https:\/\/komloskft.hu\/index.php?rest_route=\/wp\/v2\/users\/1"}],"replies":[{"embeddable":true,"href":"https:\/\/komloskft.hu\/index.php?rest_route=%2Fwp%2Fv2%2Fcomments&post=28"}],"version-history":[{"count":15,"href":"https:\/\/komloskft.hu\/index.php?rest_route=\/wp\/v2\/pages\/28\/revisions"}],"predecessor-version":[{"id":975,"href":"https:\/\/komloskft.hu\/index.php?rest_route=\/wp\/v2\/pages\/28\/revisions\/975"}],"wp:attachment":[{"href":"https:\/\/komloskft.hu\/index.php?rest_route=%2Fwp%2Fv2%2Fmedia&parent=28"}],"curies":[{"name":"wp","href":"https:\/\/api.w.org\/{rel}","templated":true}]}}