{"id":2,"date":"2018-05-03T09:32:58","date_gmt":"2018-05-03T09:32:58","guid":{"rendered":"http:\/\/komloskft.tutitarhely.hu\/?page_id=2"},"modified":"2021-11-08T10:55:41","modified_gmt":"2021-11-08T10:55:41","slug":"sample-page","status":"publish","type":"page","link":"https:\/\/komloskft.hu\/?page_id=2","title":{"rendered":"P\u00e1ly\u00e1zatok"},"content":{"rendered":"\n<h3><strong><em><a href=\"http:\/\/komloskft.hu\/?page_id=803\">TOP-1.1.2-16-BS1-2017-00003 \u201eInkub\u00e1torh\u00e1z kialak\u00edt\u00e1sa T\u00f3tkoml\u00f3son\u201d<\/a><\/em><\/strong><\/h3>\n\n\n\n<figure class=\"wp-block-image size-large\"><a href=\"http:\/\/komloskft.hu\/?page_id=803\"><img loading=\"lazy\" width=\"877\" height=\"443\" src=\"http:\/\/komloskft.hu\/wp-content\/uploads\/2021\/11\/Totkomlos_112_00003_b_fekvo_nyomdai-page-001.jpg\" alt=\"\" class=\"wp-image-768\" srcset=\"https:\/\/komloskft.hu\/wp-content\/uploads\/2021\/11\/Totkomlos_112_00003_b_fekvo_nyomdai-page-001.jpg 877w, https:\/\/komloskft.hu\/wp-content\/uploads\/2021\/11\/Totkomlos_112_00003_b_fekvo_nyomdai-page-001-600x303.jpg 600w, https:\/\/komloskft.hu\/wp-content\/uploads\/2021\/11\/Totkomlos_112_00003_b_fekvo_nyomdai-page-001-300x152.jpg 300w, https:\/\/komloskft.hu\/wp-content\/uploads\/2021\/11\/Totkomlos_112_00003_b_fekvo_nyomdai-page-001-768x388.jpg 768w\" sizes=\"(max-width: 877px) 100vw, 877px\" \/><\/a><\/figure>\n\n\n\n<hr class=\"wp-block-separator has-text-color has-background has-black-background-color has-black-color is-style-wide\"\/>\n\n\n\n<h3><strong><em><a href=\"http:\/\/komloskft.hu\/?page_id=808\">TOP-1.1.1-16-BS1-2017-00008 \u201eIpari ter\u00fclet kialak\u00edt\u00e1sa T\u00f3tkoml\u00f3son\u201d<\/a><\/em><\/strong><\/h3>\n\n\n\n<figure class=\"wp-block-image size-large\"><a href=\"http:\/\/komloskft.hu\/?page_id=808\"><img loading=\"lazy\" width=\"877\" height=\"465\" src=\"http:\/\/komloskft.hu\/wp-content\/uploads\/2021\/11\/Totkomlos_111_00008_c_fekvo_nyomdai-page-001.jpg\" alt=\"\" class=\"wp-image-769\" srcset=\"https:\/\/komloskft.hu\/wp-content\/uploads\/2021\/11\/Totkomlos_111_00008_c_fekvo_nyomdai-page-001.jpg 877w, https:\/\/komloskft.hu\/wp-content\/uploads\/2021\/11\/Totkomlos_111_00008_c_fekvo_nyomdai-page-001-600x318.jpg 600w, https:\/\/komloskft.hu\/wp-content\/uploads\/2021\/11\/Totkomlos_111_00008_c_fekvo_nyomdai-page-001-300x159.jpg 300w, https:\/\/komloskft.hu\/wp-content\/uploads\/2021\/11\/Totkomlos_111_00008_c_fekvo_nyomdai-page-001-768x407.jpg 768w\" sizes=\"(max-width: 877px) 100vw, 877px\" \/><\/a><\/figure>\n\n\n\n<hr class=\"wp-block-separator has-text-color has-background has-black-background-color has-black-color is-style-wide\"\/>\n","protected":false},"excerpt":{"rendered":"<p>TOP-1.1.2-16-BS1-2017-00003 \u201eInkub\u00e1torh\u00e1z kialak\u00edt\u00e1sa T\u00f3tkoml\u00f3son\u201d TOP-1.1.1-16-BS1-2017-00008 \u201eIpari ter\u00fclet kialak\u00edt\u00e1sa T\u00f3tkoml\u00f3son\u201d<\/p>\n","protected":false},"author":1,"featured_media":0,"parent":0,"menu_order":0,"comment_status":"closed","ping_status":"open","template":"","meta":[],"_links":{"self":[{"href":"https:\/\/komloskft.hu\/index.php?rest_route=\/wp\/v2\/pages\/2"}],"collection":[{"href":"https:\/\/komloskft.hu\/index.php?rest_route=\/wp\/v2\/pages"}],"about":[{"href":"https:\/\/komloskft.hu\/index.php?rest_route=\/wp\/v2\/types\/page"}],"author":[{"embeddable":true,"href":"https:\/\/komloskft.hu\/index.php?rest_route=\/wp\/v2\/users\/1"}],"replies":[{"embeddable":true,"href":"https:\/\/komloskft.hu\/index.php?rest_route=%2Fwp%2Fv2%2Fcomments&post=2"}],"version-history":[{"count":52,"href":"https:\/\/komloskft.hu\/index.php?rest_route=\/wp\/v2\/pages\/2\/revisions"}],"predecessor-version":[{"id":827,"href":"https:\/\/komloskft.hu\/index.php?rest_route=\/wp\/v2\/pages\/2\/revisions\/827"}],"wp:attachment":[{"href":"https:\/\/komloskft.hu\/index.php?rest_route=%2Fwp%2Fv2%2Fmedia&parent=2"}],"curies":[{"name":"wp","href":"https:\/\/api.w.org\/{rel}","templated":true}]}}