{"id":13,"date":"2016-02-10T19:49:57","date_gmt":"2016-02-10T19:49:57","guid":{"rendered":"http:\/\/asianitbd.com\/wp\/gardencare\/?page_id=13"},"modified":"2021-11-05T08:54:24","modified_gmt":"2021-11-05T08:54:24","slug":"pricing","status":"publish","type":"page","link":"https:\/\/komloskft.hu\/?page_id=13","title":{"rendered":"Pricing"},"content":{"rendered":"\n<h3 class=\"has-text-align-center has-text-color\" style=\"color:#369005\">Szolg\u00e1ltat\u00e1saink egys\u00e9g\u00e1rainak teljes list\u00e1j\u00e1\u00e9rt kattintson az al\u00e1bbi linkre:<\/h3>\n\n\n\n<div class=\"wp-block-file aligncenter\"><a href=\"http:\/\/komloskft.hu\/wp-content\/uploads\/2020\/04\/\u00c1rjegyz\u00e9k-2020.pdf\">\u00c1rjegyz\u00e9k 2020<\/a><a href=\"http:\/\/komloskft.hu\/wp-content\/uploads\/2020\/04\/\u00c1rjegyz\u00e9k-2020.pdf\" class=\"wp-block-file__button\" download>Let\u00f6lt\u00e9s<\/a><\/div>\n\n\n\n<p><\/p>\n","protected":false},"excerpt":{"rendered":"<p>Szolg\u00e1ltat\u00e1saink egys\u00e9g\u00e1rainak teljes list\u00e1j\u00e1\u00e9rt kattintson az al\u00e1bbi linkre:<\/p>\n","protected":false},"author":1,"featured_media":0,"parent":0,"menu_order":0,"comment_status":"closed","ping_status":"closed","template":"tpl-visual_composer.php","meta":[],"_links":{"self":[{"href":"https:\/\/komloskft.hu\/index.php?rest_route=\/wp\/v2\/pages\/13"}],"collection":[{"href":"https:\/\/komloskft.hu\/index.php?rest_route=\/wp\/v2\/pages"}],"about":[{"href":"https:\/\/komloskft.hu\/index.php?rest_route=\/wp\/v2\/types\/page"}],"author":[{"embeddable":true,"href":"https:\/\/komloskft.hu\/index.php?rest_route=\/wp\/v2\/users\/1"}],"replies":[{"embeddable":true,"href":"https:\/\/komloskft.hu\/index.php?rest_route=%2Fwp%2Fv2%2Fcomments&post=13"}],"version-history":[{"count":10,"href":"https:\/\/komloskft.hu\/index.php?rest_route=\/wp\/v2\/pages\/13\/revisions"}],"predecessor-version":[{"id":779,"href":"https:\/\/komloskft.hu\/index.php?rest_route=\/wp\/v2\/pages\/13\/revisions\/779"}],"wp:attachment":[{"href":"https:\/\/komloskft.hu\/index.php?rest_route=%2Fwp%2Fv2%2Fmedia&parent=13"}],"curies":[{"name":"wp","href":"https:\/\/api.w.org\/{rel}","templated":true}]}}